{"id":2296,"date":"2022-01-14T12:03:39","date_gmt":"2022-01-14T10:03:39","guid":{"rendered":"https:\/\/www.zorrotz.com\/aviso-legal\/"},"modified":"2023-09-19T10:29:13","modified_gmt":"2023-09-19T08:29:13","slug":"aviso-legal","status":"publish","type":"page","link":"https:\/\/www.zorrotz.com\/fr\/aviso-legal\/","title":{"rendered":"Aviso Legal"},"content":{"rendered":"\t\t<div data-elementor-type=\"wp-page\" data-elementor-id=\"2296\" class=\"elementor elementor-2296 elementor-1503\" data-elementor-settings=\"{&quot;ha_cmc_init_switcher&quot;:&quot;no&quot;}\">\n\t\t\t\t\t\t<section class=\"elementor-section elementor-top-section elementor-element elementor-element-6a9fcec elementor-section-boxed elementor-section-height-default elementor-section-height-default\" data-id=\"6a9fcec\" data-element_type=\"section\" data-e-type=\"section\" data-settings=\"{&quot;_ha_eqh_enable&quot;:false}\">\n\t\t\t\t\t\t<div class=\"elementor-container elementor-column-gap-default\">\n\t\t\t\t\t<div class=\"elementor-column elementor-col-100 elementor-top-column elementor-element elementor-element-c221c4e\" data-id=\"c221c4e\" data-element_type=\"column\" data-e-type=\"column\">\n\t\t\t<div class=\"elementor-widget-wrap elementor-element-populated\">\n\t\t\t\t\t\t<div class=\"elementor-element elementor-element-efc8a28 elementor-widget elementor-widget-text-editor\" data-id=\"efc8a28\" data-element_type=\"widget\" data-e-type=\"widget\" data-widget_type=\"text-editor.default\">\n\t\t\t\t<div class=\"elementor-widget-container\">\n\t\t\t\t\t\t\t\t\t<h1><strong>Aviso Legal<\/strong><\/h1>\n<\/p>\n<p><strong>ZORROTZ LEGAZPI S.L.L.<\/strong>, como responsable del tratamiento, <em>(<strong>en adelante ZORROTZ<\/strong>)<\/em> le informa que sus datos son recabados con la finalidad de: Recoger los datos de car\u00e1cter personal que sean obtenidos a trav\u00e9s de los formularios de contacto disponibles en la p\u00e1gina web de la empresa para el contacto con el solicitante y atender las consultas realizadas. La base jur\u00eddica para el tratamiento es el consentimiento del interesado. Sus datos no se ceder\u00e1n a terceros salvo obligaci\u00f3n legal. Cualquier persona tiene derecho a solicitar el acceso, rectificaci\u00f3n, supresi\u00f3n, limitaci\u00f3n del tratamiento, oposici\u00f3n o derecho a la portabilidad de sus datos personales, escribi\u00e9ndonos a la direcci\u00f3n de nuestras oficinas, o enviando un correo electr\u00f3nico a <a href=\"mailto:info@zorrotz.com\">info@zorrotz.com<\/a> , indicando el derecho que desea ejercer. Puede obtener informaci\u00f3n adicional en el apartado de <strong>PROTECCION DE DATOS<\/strong> de nuestra p\u00e1gina web <a href=\"http:\/\/www.zorrotz.com\">www.zorrotz<u>.com.<\/u><\/a><\/p>\n\t\t\t\t\t\t\t\t<\/div>\n\t\t\t\t<\/div>\n\t\t\t\t\t<\/div>\n\t\t<\/div>\n\t\t\t\t\t<\/div>\n\t\t<\/section>\n\t\t\t\t<\/div>\n\t\t","protected":false},"excerpt":{"rendered":"<p>Aviso Legal ZORROTZ LEGAZPI S.L.L., como responsable del tratamiento, (en adelante ZORROTZ) [&hellip;]<\/p>\n","protected":false},"author":1,"featured_media":0,"parent":0,"menu_order":0,"comment_status":"closed","ping_status":"closed","template":"elementor_canvas","meta":{"site-sidebar-layout":"no-sidebar","site-content-layout":"page-builder","ast-site-content-layout":"default","site-content-style":"default","site-sidebar-style":"default","ast-global-header-display":"","ast-banner-title-visibility":"","ast-main-header-display":"","ast-hfb-above-header-display":"","ast-hfb-below-header-display":"","ast-hfb-mobile-header-display":"","site-post-title":"disabled","ast-breadcrumbs-content":"","ast-featured-img":"disabled","footer-sml-layout":"","ast-disable-related-posts":"","theme-transparent-header-meta":"","adv-header-id-meta":"","stick-header-meta":"","header-above-stick-meta":"","header-main-stick-meta":"","header-below-stick-meta":"","astra-migrate-meta-layouts":"default","ast-page-background-enabled":"default","ast-page-background-meta":{"desktop":{"background-color":"var(--ast-global-color-4)","background-image":"","background-repeat":"repeat","background-position":"center center","background-size":"auto","background-attachment":"scroll","background-type":"","background-media":"","overlay-type":"","overlay-color":"","overlay-opacity":"","overlay-gradient":""},"tablet":{"background-color":"","background-image":"","background-repeat":"repeat","background-position":"center center","background-size":"auto","background-attachment":"scroll","background-type":"","background-media":"","overlay-type":"","overlay-color":"","overlay-opacity":"","overlay-gradient":""},"mobile":{"background-color":"","background-image":"","background-repeat":"repeat","background-position":"center center","background-size":"auto","background-attachment":"scroll","background-type":"","background-media":"","overlay-type":"","overlay-color":"","overlay-opacity":"","overlay-gradient":""}},"ast-content-background-meta":{"desktop":{"background-color":"var(--ast-global-color-5)","background-image":"","background-repeat":"repeat","background-position":"center center","background-size":"auto","background-attachment":"scroll","background-type":"","background-media":"","overlay-type":"","overlay-color":"","overlay-opacity":"","overlay-gradient":""},"tablet":{"background-color":"var(--ast-global-color-5)","background-image":"","background-repeat":"repeat","background-position":"center center","background-size":"auto","background-attachment":"scroll","background-type":"","background-media":"","overlay-type":"","overlay-color":"","overlay-opacity":"","overlay-gradient":""},"mobile":{"background-color":"var(--ast-global-color-5)","background-image":"","background-repeat":"repeat","background-position":"center center","background-size":"auto","background-attachment":"scroll","background-type":"","background-media":"","overlay-type":"","overlay-color":"","overlay-opacity":"","overlay-gradient":""}},"footnotes":""},"class_list":["post-2296","page","type-page","status-publish","hentry"],"yoast_head":"<!-- This site is optimized with the Yoast SEO plugin v27.4 - https:\/\/yoast.com\/product\/yoast-seo-wordpress\/ -->\n<title>Aviso Legal - zorrotz<\/title>\n<meta name=\"robots\" content=\"noindex, nofollow\" \/>\n<meta property=\"og:locale\" content=\"fr_FR\" \/>\n<meta property=\"og:type\" content=\"article\" \/>\n<meta property=\"og:title\" content=\"Aviso Legal - zorrotz\" \/>\n<meta property=\"og:description\" content=\"Aviso Legal ZORROTZ LEGAZPI S.L.L., como responsable del tratamiento, (en adelante ZORROTZ) [&hellip;]\" \/>\n<meta property=\"og:url\" content=\"https:\/\/www.zorrotz.com\/fr\/aviso-legal\/\" \/>\n<meta property=\"og:site_name\" content=\"zorrotz\" \/>\n<meta property=\"article:modified_time\" content=\"2023-09-19T08:29:13+00:00\" \/>\n<meta property=\"og:image\" content=\"https:\/\/www.zorrotz.com\/wp-content\/uploads\/2022\/02\/webzorrotz.jpg\" \/>\n\t<meta property=\"og:image:width\" content=\"900\" \/>\n\t<meta property=\"og:image:height\" content=\"600\" \/>\n\t<meta property=\"og:image:type\" content=\"image\/jpeg\" \/>\n<meta name=\"twitter:card\" content=\"summary_large_image\" \/>\n<meta name=\"twitter:label1\" content=\"Dur\u00e9e de lecture estim\u00e9e\" \/>\n\t<meta name=\"twitter:data1\" content=\"1 minute\" \/>\n<script type=\"application\/ld+json\" class=\"yoast-schema-graph\">{\"@context\":\"https:\\\/\\\/schema.org\",\"@graph\":[{\"@type\":\"WebPage\",\"@id\":\"https:\\\/\\\/www.zorrotz.com\\\/fr\\\/aviso-legal\\\/\",\"url\":\"https:\\\/\\\/www.zorrotz.com\\\/fr\\\/aviso-legal\\\/\",\"name\":\"Aviso Legal - zorrotz\",\"isPartOf\":{\"@id\":\"https:\\\/\\\/www.zorrotz.com\\\/fr\\\/#website\"},\"datePublished\":\"2022-01-14T10:03:39+00:00\",\"dateModified\":\"2023-09-19T08:29:13+00:00\",\"breadcrumb\":{\"@id\":\"https:\\\/\\\/www.zorrotz.com\\\/fr\\\/aviso-legal\\\/#breadcrumb\"},\"inLanguage\":\"fr-FR\",\"potentialAction\":[{\"@type\":\"ReadAction\",\"target\":[\"https:\\\/\\\/www.zorrotz.com\\\/fr\\\/aviso-legal\\\/\"]}]},{\"@type\":\"BreadcrumbList\",\"@id\":\"https:\\\/\\\/www.zorrotz.com\\\/fr\\\/aviso-legal\\\/#breadcrumb\",\"itemListElement\":[{\"@type\":\"ListItem\",\"position\":1,\"name\":\"Portada\",\"item\":\"https:\\\/\\\/www.zorrotz.com\\\/fr\\\/\"},{\"@type\":\"ListItem\",\"position\":2,\"name\":\"Aviso Legal\"}]},{\"@type\":\"WebSite\",\"@id\":\"https:\\\/\\\/www.zorrotz.com\\\/fr\\\/#website\",\"url\":\"https:\\\/\\\/www.zorrotz.com\\\/fr\\\/\",\"name\":\"zorrotz\",\"description\":\"Cuchillas industriales y Gu\u00edas de deslizamiento\",\"publisher\":{\"@id\":\"https:\\\/\\\/www.zorrotz.com\\\/fr\\\/#organization\"},\"potentialAction\":[{\"@type\":\"SearchAction\",\"target\":{\"@type\":\"EntryPoint\",\"urlTemplate\":\"https:\\\/\\\/www.zorrotz.com\\\/fr\\\/?s={search_term_string}\"},\"query-input\":{\"@type\":\"PropertyValueSpecification\",\"valueRequired\":true,\"valueName\":\"search_term_string\"}}],\"inLanguage\":\"fr-FR\"},{\"@type\":\"Organization\",\"@id\":\"https:\\\/\\\/www.zorrotz.com\\\/fr\\\/#organization\",\"name\":\"zorrotz\",\"url\":\"https:\\\/\\\/www.zorrotz.com\\\/fr\\\/\",\"logo\":{\"@type\":\"ImageObject\",\"inLanguage\":\"fr-FR\",\"@id\":\"https:\\\/\\\/www.zorrotz.com\\\/fr\\\/#\\\/schema\\\/logo\\\/image\\\/\",\"url\":\"https:\\\/\\\/www.zorrotz.com\\\/wp-content\\\/uploads\\\/2021\\\/11\\\/logoblanco.png\",\"contentUrl\":\"https:\\\/\\\/www.zorrotz.com\\\/wp-content\\\/uploads\\\/2021\\\/11\\\/logoblanco.png\",\"width\":383,\"height\":95,\"caption\":\"zorrotz\"},\"image\":{\"@id\":\"https:\\\/\\\/www.zorrotz.com\\\/fr\\\/#\\\/schema\\\/logo\\\/image\\\/\"},\"sameAs\":[\"https:\\\/\\\/www.linkedin.com\\\/company\\\/zorrotz-legazpi-sll\\\/\"]}]}<\/script>\n<!-- \/ Yoast SEO plugin. -->","yoast_head_json":{"title":"Aviso Legal - zorrotz","robots":{"index":"noindex","follow":"nofollow"},"og_locale":"fr_FR","og_type":"article","og_title":"Aviso Legal - zorrotz","og_description":"Aviso Legal ZORROTZ LEGAZPI S.L.L., como responsable del tratamiento, (en adelante ZORROTZ) [&hellip;]","og_url":"https:\/\/www.zorrotz.com\/fr\/aviso-legal\/","og_site_name":"zorrotz","article_modified_time":"2023-09-19T08:29:13+00:00","og_image":[{"width":900,"height":600,"url":"https:\/\/www.zorrotz.com\/wp-content\/uploads\/2022\/02\/webzorrotz.jpg","type":"image\/jpeg"}],"twitter_card":"summary_large_image","twitter_misc":{"Dur\u00e9e de lecture estim\u00e9e":"1 minute"},"schema":{"@context":"https:\/\/schema.org","@graph":[{"@type":"WebPage","@id":"https:\/\/www.zorrotz.com\/fr\/aviso-legal\/","url":"https:\/\/www.zorrotz.com\/fr\/aviso-legal\/","name":"Aviso Legal - zorrotz","isPartOf":{"@id":"https:\/\/www.zorrotz.com\/fr\/#website"},"datePublished":"2022-01-14T10:03:39+00:00","dateModified":"2023-09-19T08:29:13+00:00","breadcrumb":{"@id":"https:\/\/www.zorrotz.com\/fr\/aviso-legal\/#breadcrumb"},"inLanguage":"fr-FR","potentialAction":[{"@type":"ReadAction","target":["https:\/\/www.zorrotz.com\/fr\/aviso-legal\/"]}]},{"@type":"BreadcrumbList","@id":"https:\/\/www.zorrotz.com\/fr\/aviso-legal\/#breadcrumb","itemListElement":[{"@type":"ListItem","position":1,"name":"Portada","item":"https:\/\/www.zorrotz.com\/fr\/"},{"@type":"ListItem","position":2,"name":"Aviso Legal"}]},{"@type":"WebSite","@id":"https:\/\/www.zorrotz.com\/fr\/#website","url":"https:\/\/www.zorrotz.com\/fr\/","name":"zorrotz","description":"Cuchillas industriales y Gu\u00edas de deslizamiento","publisher":{"@id":"https:\/\/www.zorrotz.com\/fr\/#organization"},"potentialAction":[{"@type":"SearchAction","target":{"@type":"EntryPoint","urlTemplate":"https:\/\/www.zorrotz.com\/fr\/?s={search_term_string}"},"query-input":{"@type":"PropertyValueSpecification","valueRequired":true,"valueName":"search_term_string"}}],"inLanguage":"fr-FR"},{"@type":"Organization","@id":"https:\/\/www.zorrotz.com\/fr\/#organization","name":"zorrotz","url":"https:\/\/www.zorrotz.com\/fr\/","logo":{"@type":"ImageObject","inLanguage":"fr-FR","@id":"https:\/\/www.zorrotz.com\/fr\/#\/schema\/logo\/image\/","url":"https:\/\/www.zorrotz.com\/wp-content\/uploads\/2021\/11\/logoblanco.png","contentUrl":"https:\/\/www.zorrotz.com\/wp-content\/uploads\/2021\/11\/logoblanco.png","width":383,"height":95,"caption":"zorrotz"},"image":{"@id":"https:\/\/www.zorrotz.com\/fr\/#\/schema\/logo\/image\/"},"sameAs":["https:\/\/www.linkedin.com\/company\/zorrotz-legazpi-sll\/"]}]}},"_links":{"self":[{"href":"https:\/\/www.zorrotz.com\/fr\/wp-json\/wp\/v2\/pages\/2296","targetHints":{"allow":["GET"]}}],"collection":[{"href":"https:\/\/www.zorrotz.com\/fr\/wp-json\/wp\/v2\/pages"}],"about":[{"href":"https:\/\/www.zorrotz.com\/fr\/wp-json\/wp\/v2\/types\/page"}],"author":[{"embeddable":true,"href":"https:\/\/www.zorrotz.com\/fr\/wp-json\/wp\/v2\/users\/1"}],"replies":[{"embeddable":true,"href":"https:\/\/www.zorrotz.com\/fr\/wp-json\/wp\/v2\/comments?post=2296"}],"version-history":[{"count":2,"href":"https:\/\/www.zorrotz.com\/fr\/wp-json\/wp\/v2\/pages\/2296\/revisions"}],"predecessor-version":[{"id":2299,"href":"https:\/\/www.zorrotz.com\/fr\/wp-json\/wp\/v2\/pages\/2296\/revisions\/2299"}],"wp:attachment":[{"href":"https:\/\/www.zorrotz.com\/fr\/wp-json\/wp\/v2\/media?parent=2296"}],"curies":[{"name":"wp","href":"https:\/\/api.w.org\/{rel}","templated":true}]}}