{"id":2380,"date":"2022-01-17T10:42:14","date_gmt":"2022-01-17T08:42:14","guid":{"rendered":"https:\/\/www.zorrotz.com\/politica-de-cookies\/"},"modified":"2022-01-17T10:42:18","modified_gmt":"2022-01-17T08:42:18","slug":"politica-de-cookies","status":"publish","type":"page","link":"https:\/\/www.zorrotz.com\/fr\/politica-de-cookies\/","title":{"rendered":"Pol\u00edtica de Cookies"},"content":{"rendered":"\t\t<div data-elementor-type=\"wp-page\" data-elementor-id=\"2380\" class=\"elementor elementor-2380 elementor-1515\" data-elementor-settings=\"{&quot;ha_cmc_init_switcher&quot;:&quot;no&quot;}\">\n\t\t\t\t\t\t<section class=\"elementor-section elementor-top-section elementor-element elementor-element-4da57c9 elementor-section-boxed elementor-section-height-default elementor-section-height-default\" data-id=\"4da57c9\" data-element_type=\"section\" data-e-type=\"section\" data-settings=\"{&quot;_ha_eqh_enable&quot;:false}\">\n\t\t\t\t\t\t<div class=\"elementor-container elementor-column-gap-default\">\n\t\t\t\t\t<div class=\"elementor-column elementor-col-100 elementor-top-column elementor-element elementor-element-3222b5b\" data-id=\"3222b5b\" data-element_type=\"column\" data-e-type=\"column\">\n\t\t\t<div class=\"elementor-widget-wrap elementor-element-populated\">\n\t\t\t\t\t\t<div class=\"elementor-element elementor-element-2dce28d elementor-widget elementor-widget-text-editor\" data-id=\"2dce28d\" data-element_type=\"widget\" data-e-type=\"widget\" data-widget_type=\"text-editor.default\">\n\t\t\t\t<div class=\"elementor-widget-container\">\n\t\t\t\t\t\t\t\t\t<h1><strong>Pol\u00edtica de Cookies<\/strong><\/h1>\n<\/p>\n<h3><strong>\u00bfQu\u00e9 es una cookie?<\/strong><\/h3>\n<\/p>\n<p>Una cookie es un archivo inform\u00e1tico que un servidor web puede procesar en el dispositivo (ordenador, tel\u00e9fono, tablet, etc.) con el que se conecta la persona usuaria, con el fin de reconocer sus caracter\u00edsticas o preferencias cuando se vuelva a conectar, o de facilitar el uso y la navegaci\u00f3n por el sitio web, aportando diversas ventajas en la prestaci\u00f3n de servicios interactivos.<\/p>\n<p>Las cookies se utilizan, entre otras finalidades, para gestionar la sesi\u00f3n de la persona usuaria (por ejemplo, reduciendo el n\u00famero de veces que tiene que incluir su contrase\u00f1a), para adecuar los contenidos de un sitio web a sus preferencias (por ejemplo, idioma) o para realizar labores an\u00e1liticas (por ejemplo, medir el tr\u00e1fico y utilizaci\u00f3n de un sitio web).<\/p>\n<p>Las cookies pueden ser de \u201csesi\u00f3n\u201d, por lo que se borrar\u00e1n una vez la persona usuaria abandone el sitio web que las gener\u00f3 o \u201cpersistentes\u201d, que permanecen en su dispositivo hasta una fecha determinada.<\/p>\n<h3><strong>\u00bfQu\u00e9 tipo de cookies utiliza este sitio web?<\/strong><\/h3>\n<\/p>\n<p>Este sitio web utiliza diferentes tipos de cookies, con las finalidades que se detallan a continuaci\u00f3n:<\/p>\n<p><u>Cookies t\u00e9cnicas<\/u>: permiten al usuario la navegaci\u00f3n a trav\u00e9s de este sitio web y la utilizaci\u00f3n de diferentes opciones que en \u00e9l pueden existir como, por ejemplo, identificar la sesi\u00f3n, gestionar los par\u00e1metros introducidos por la persona usuaria o compartir contenidos a trav\u00e9s de redes sociales.<\/p>\n<p><u>Cookies de personalizaci\u00f3n<\/u>: permiten al usuario acceder al sitio web con algunas caracter\u00edsticas de car\u00e1cter general predefinidas en funci\u00f3n de una serie de criterios en el terminal de la persona usuaria como por ejemplo serian el idioma, el tipo de navegador a trav\u00e9s del cual accede al servicio, la configuraci\u00f3n regional desde donde accede al servicio, etc<\/p>\n<p><u>Cookies de an\u00e1lisis<\/u>: permiten el seguimiento y an\u00e1lisis del comportamiento de las personas usuarias del sitio web, durante periodos de tiempo concretos. La informaci\u00f3n recogida mediante este tipo de cookies se utiliza en la medici\u00f3n de la actividad del sitio web, con el fin de introducir mejoras en funci\u00f3n del an\u00e1lisis de los datos de uso que hacen las personas usuarias (por ejemplo, Google Analytics).<\/p>\n<h3><strong>Cookies t\u00e9cnicas y de personalizaci\u00f3n utilizadas en este sitio web<\/strong><\/h3>\n<\/p>\n<table>\n<tbody>\n<tr>\n<td width=\"196\">\n<p>Cookie<\/p>\n<\/td>\n<td width=\"76\">\n<p>Duraci\u00f3n<\/p>\n<\/td>\n<td width=\"85\">\n<p>Tipo<\/p>\n<\/td>\n<td width=\"270\">\n<p>Finalidad<\/p>\n<\/td>\n<\/tr>\n<tr>\n<td width=\"196\">\n<p>wordpress_test_cookie<\/p>\n<\/td>\n<td width=\"76\">\n<p>Sesi\u00f3n<\/p>\n<\/td>\n<td width=\"85\">\n<p>WordPress<\/p>\n<\/td>\n<td width=\"270\">\n<p>Cookie t\u00e9cnica que permite comprobar si el navegador tiene las cookies activadas<\/p>\n<\/td>\n<\/tr>\n<tr>\n<td width=\"196\">\n<p>wp-wpml_current_language<\/p>\n<\/td>\n<td width=\"76\">\n<p>Sesi\u00f3n<\/p>\n<\/td>\n<td rowspan=\"2\" width=\"85\">\n<p>WordPress<\/p>\n<\/td>\n<td rowspan=\"2\" width=\"270\">\n<p>Cookie de personalizaci\u00f3n para gestionar el idioma elegido por la persona usuaria<\/p>\n<\/td>\n<\/tr>\n<tr>\n<td width=\"196\">\n<p>wp-wpml_current_admin_ language_<\/p>\n<\/td>\n<td width=\"76\">\n<p>Sesi\u00f3n<\/p>\n<\/td>\n<\/tr>\n<\/tbody>\n<\/table>\n<p><strong> <\/strong><\/p>\n<h3><strong>\u00bfC\u00f3mo se pueden desactivar o eliminar las cookies?<\/strong><\/h3>\n<\/p>\n<p>Los navegadores web son herramientas adecuadas para gestionar las cookies. La persona usuaria, si lo desea, pueda desactivar o eliminar las cookies, total o parcialmente, en cualquier momento. Para ello debe consultar las opciones de configuraci\u00f3n para el tratamiento de cookies que facilitan los diferentes navegadores.<\/p><\/p>\n\t\t\t\t\t\t\t\t<\/div>\n\t\t\t\t<\/div>\n\t\t\t\t\t<\/div>\n\t\t<\/div>\n\t\t\t\t\t<\/div>\n\t\t<\/section>\n\t\t\t\t<\/div>\n\t\t","protected":false},"excerpt":{"rendered":"<p>Pol\u00edtica de Cookies \u00bfQu\u00e9 es una cookie? Una cookie es un archivo [&hellip;]<\/p>\n","protected":false},"author":1,"featured_media":0,"parent":0,"menu_order":0,"comment_status":"closed","ping_status":"closed","template":"elementor_canvas","meta":{"site-sidebar-layout":"no-sidebar","site-content-layout":"page-builder","ast-site-content-layout":"default","site-content-style":"default","site-sidebar-style":"default","ast-global-header-display":"","ast-banner-title-visibility":"","ast-main-header-display":"","ast-hfb-above-header-display":"","ast-hfb-below-header-display":"","ast-hfb-mobile-header-display":"","site-post-title":"disabled","ast-breadcrumbs-content":"","ast-featured-img":"disabled","footer-sml-layout":"","ast-disable-related-posts":"","theme-transparent-header-meta":"","adv-header-id-meta":"","stick-header-meta":"","header-above-stick-meta":"","header-main-stick-meta":"","header-below-stick-meta":"","astra-migrate-meta-layouts":"default","ast-page-background-enabled":"default","ast-page-background-meta":{"desktop":{"background-color":"var(--ast-global-color-4)","background-image":"","background-repeat":"repeat","background-position":"center center","background-size":"auto","background-attachment":"scroll","background-type":"","background-media":"","overlay-type":"","overlay-color":"","overlay-opacity":"","overlay-gradient":""},"tablet":{"background-color":"","background-image":"","background-repeat":"repeat","background-position":"center center","background-size":"auto","background-attachment":"scroll","background-type":"","background-media":"","overlay-type":"","overlay-color":"","overlay-opacity":"","overlay-gradient":""},"mobile":{"background-color":"","background-image":"","background-repeat":"repeat","background-position":"center center","background-size":"auto","background-attachment":"scroll","background-type":"","background-media":"","overlay-type":"","overlay-color":"","overlay-opacity":"","overlay-gradient":""}},"ast-content-background-meta":{"desktop":{"background-color":"var(--ast-global-color-5)","background-image":"","background-repeat":"repeat","background-position":"center center","background-size":"auto","background-attachment":"scroll","background-type":"","background-media":"","overlay-type":"","overlay-color":"","overlay-opacity":"","overlay-gradient":""},"tablet":{"background-color":"var(--ast-global-color-5)","background-image":"","background-repeat":"repeat","background-position":"center center","background-size":"auto","background-attachment":"scroll","background-type":"","background-media":"","overlay-type":"","overlay-color":"","overlay-opacity":"","overlay-gradient":""},"mobile":{"background-color":"var(--ast-global-color-5)","background-image":"","background-repeat":"repeat","background-position":"center center","background-size":"auto","background-attachment":"scroll","background-type":"","background-media":"","overlay-type":"","overlay-color":"","overlay-opacity":"","overlay-gradient":""}},"footnotes":""},"class_list":["post-2380","page","type-page","status-publish","hentry"],"yoast_head":"<!-- This site is optimized with the Yoast SEO plugin v27.3 - https:\/\/yoast.com\/product\/yoast-seo-wordpress\/ -->\n<title>Pol\u00edtica de Cookies - zorrotz<\/title>\n<meta name=\"robots\" content=\"noindex, nofollow\" \/>\n<meta property=\"og:locale\" content=\"fr_FR\" \/>\n<meta property=\"og:type\" content=\"article\" \/>\n<meta property=\"og:title\" content=\"Pol\u00edtica de Cookies - zorrotz\" \/>\n<meta property=\"og:description\" content=\"Pol\u00edtica de Cookies \u00bfQu\u00e9 es una cookie? Una cookie es un archivo [&hellip;]\" \/>\n<meta property=\"og:url\" content=\"https:\/\/www.zorrotz.com\/fr\/politica-de-cookies\/\" \/>\n<meta property=\"og:site_name\" content=\"zorrotz\" \/>\n<meta property=\"article:modified_time\" content=\"2022-01-17T08:42:18+00:00\" \/>\n<meta property=\"og:image\" content=\"https:\/\/www.zorrotz.com\/wp-content\/uploads\/2022\/02\/webzorrotz.jpg\" \/>\n\t<meta property=\"og:image:width\" content=\"900\" \/>\n\t<meta property=\"og:image:height\" content=\"600\" \/>\n\t<meta property=\"og:image:type\" content=\"image\/jpeg\" \/>\n<meta name=\"twitter:card\" content=\"summary_large_image\" \/>\n<meta name=\"twitter:label1\" content=\"Dur\u00e9e de lecture estim\u00e9e\" \/>\n\t<meta name=\"twitter:data1\" content=\"3 minutes\" \/>\n<script type=\"application\/ld+json\" class=\"yoast-schema-graph\">{\"@context\":\"https:\\\/\\\/schema.org\",\"@graph\":[{\"@type\":\"WebPage\",\"@id\":\"https:\\\/\\\/www.zorrotz.com\\\/fr\\\/politica-de-cookies\\\/\",\"url\":\"https:\\\/\\\/www.zorrotz.com\\\/fr\\\/politica-de-cookies\\\/\",\"name\":\"Pol\u00edtica de Cookies - zorrotz\",\"isPartOf\":{\"@id\":\"https:\\\/\\\/www.zorrotz.com\\\/fr\\\/#website\"},\"datePublished\":\"2022-01-17T08:42:14+00:00\",\"dateModified\":\"2022-01-17T08:42:18+00:00\",\"breadcrumb\":{\"@id\":\"https:\\\/\\\/www.zorrotz.com\\\/fr\\\/politica-de-cookies\\\/#breadcrumb\"},\"inLanguage\":\"fr-FR\",\"potentialAction\":[{\"@type\":\"ReadAction\",\"target\":[\"https:\\\/\\\/www.zorrotz.com\\\/fr\\\/politica-de-cookies\\\/\"]}]},{\"@type\":\"BreadcrumbList\",\"@id\":\"https:\\\/\\\/www.zorrotz.com\\\/fr\\\/politica-de-cookies\\\/#breadcrumb\",\"itemListElement\":[{\"@type\":\"ListItem\",\"position\":1,\"name\":\"Portada\",\"item\":\"https:\\\/\\\/www.zorrotz.com\\\/fr\\\/\"},{\"@type\":\"ListItem\",\"position\":2,\"name\":\"Pol\u00edtica de Cookies\"}]},{\"@type\":\"WebSite\",\"@id\":\"https:\\\/\\\/www.zorrotz.com\\\/fr\\\/#website\",\"url\":\"https:\\\/\\\/www.zorrotz.com\\\/fr\\\/\",\"name\":\"zorrotz\",\"description\":\"Cuchillas industriales y Gu\u00edas de deslizamiento\",\"publisher\":{\"@id\":\"https:\\\/\\\/www.zorrotz.com\\\/fr\\\/#organization\"},\"potentialAction\":[{\"@type\":\"SearchAction\",\"target\":{\"@type\":\"EntryPoint\",\"urlTemplate\":\"https:\\\/\\\/www.zorrotz.com\\\/fr\\\/?s={search_term_string}\"},\"query-input\":{\"@type\":\"PropertyValueSpecification\",\"valueRequired\":true,\"valueName\":\"search_term_string\"}}],\"inLanguage\":\"fr-FR\"},{\"@type\":\"Organization\",\"@id\":\"https:\\\/\\\/www.zorrotz.com\\\/fr\\\/#organization\",\"name\":\"zorrotz\",\"url\":\"https:\\\/\\\/www.zorrotz.com\\\/fr\\\/\",\"logo\":{\"@type\":\"ImageObject\",\"inLanguage\":\"fr-FR\",\"@id\":\"https:\\\/\\\/www.zorrotz.com\\\/fr\\\/#\\\/schema\\\/logo\\\/image\\\/\",\"url\":\"https:\\\/\\\/www.zorrotz.com\\\/wp-content\\\/uploads\\\/2021\\\/11\\\/logoblanco.png\",\"contentUrl\":\"https:\\\/\\\/www.zorrotz.com\\\/wp-content\\\/uploads\\\/2021\\\/11\\\/logoblanco.png\",\"width\":383,\"height\":95,\"caption\":\"zorrotz\"},\"image\":{\"@id\":\"https:\\\/\\\/www.zorrotz.com\\\/fr\\\/#\\\/schema\\\/logo\\\/image\\\/\"},\"sameAs\":[\"https:\\\/\\\/www.linkedin.com\\\/company\\\/zorrotz-legazpi-sll\\\/\"]}]}<\/script>\n<!-- \/ Yoast SEO plugin. -->","yoast_head_json":{"title":"Pol\u00edtica de Cookies - zorrotz","robots":{"index":"noindex","follow":"nofollow"},"og_locale":"fr_FR","og_type":"article","og_title":"Pol\u00edtica de Cookies - zorrotz","og_description":"Pol\u00edtica de Cookies \u00bfQu\u00e9 es una cookie? Una cookie es un archivo [&hellip;]","og_url":"https:\/\/www.zorrotz.com\/fr\/politica-de-cookies\/","og_site_name":"zorrotz","article_modified_time":"2022-01-17T08:42:18+00:00","og_image":[{"width":900,"height":600,"url":"https:\/\/www.zorrotz.com\/wp-content\/uploads\/2022\/02\/webzorrotz.jpg","type":"image\/jpeg"}],"twitter_card":"summary_large_image","twitter_misc":{"Dur\u00e9e de lecture estim\u00e9e":"3 minutes"},"schema":{"@context":"https:\/\/schema.org","@graph":[{"@type":"WebPage","@id":"https:\/\/www.zorrotz.com\/fr\/politica-de-cookies\/","url":"https:\/\/www.zorrotz.com\/fr\/politica-de-cookies\/","name":"Pol\u00edtica de Cookies - zorrotz","isPartOf":{"@id":"https:\/\/www.zorrotz.com\/fr\/#website"},"datePublished":"2022-01-17T08:42:14+00:00","dateModified":"2022-01-17T08:42:18+00:00","breadcrumb":{"@id":"https:\/\/www.zorrotz.com\/fr\/politica-de-cookies\/#breadcrumb"},"inLanguage":"fr-FR","potentialAction":[{"@type":"ReadAction","target":["https:\/\/www.zorrotz.com\/fr\/politica-de-cookies\/"]}]},{"@type":"BreadcrumbList","@id":"https:\/\/www.zorrotz.com\/fr\/politica-de-cookies\/#breadcrumb","itemListElement":[{"@type":"ListItem","position":1,"name":"Portada","item":"https:\/\/www.zorrotz.com\/fr\/"},{"@type":"ListItem","position":2,"name":"Pol\u00edtica de Cookies"}]},{"@type":"WebSite","@id":"https:\/\/www.zorrotz.com\/fr\/#website","url":"https:\/\/www.zorrotz.com\/fr\/","name":"zorrotz","description":"Cuchillas industriales y Gu\u00edas de deslizamiento","publisher":{"@id":"https:\/\/www.zorrotz.com\/fr\/#organization"},"potentialAction":[{"@type":"SearchAction","target":{"@type":"EntryPoint","urlTemplate":"https:\/\/www.zorrotz.com\/fr\/?s={search_term_string}"},"query-input":{"@type":"PropertyValueSpecification","valueRequired":true,"valueName":"search_term_string"}}],"inLanguage":"fr-FR"},{"@type":"Organization","@id":"https:\/\/www.zorrotz.com\/fr\/#organization","name":"zorrotz","url":"https:\/\/www.zorrotz.com\/fr\/","logo":{"@type":"ImageObject","inLanguage":"fr-FR","@id":"https:\/\/www.zorrotz.com\/fr\/#\/schema\/logo\/image\/","url":"https:\/\/www.zorrotz.com\/wp-content\/uploads\/2021\/11\/logoblanco.png","contentUrl":"https:\/\/www.zorrotz.com\/wp-content\/uploads\/2021\/11\/logoblanco.png","width":383,"height":95,"caption":"zorrotz"},"image":{"@id":"https:\/\/www.zorrotz.com\/fr\/#\/schema\/logo\/image\/"},"sameAs":["https:\/\/www.linkedin.com\/company\/zorrotz-legazpi-sll\/"]}]}},"_links":{"self":[{"href":"https:\/\/www.zorrotz.com\/fr\/wp-json\/wp\/v2\/pages\/2380","targetHints":{"allow":["GET"]}}],"collection":[{"href":"https:\/\/www.zorrotz.com\/fr\/wp-json\/wp\/v2\/pages"}],"about":[{"href":"https:\/\/www.zorrotz.com\/fr\/wp-json\/wp\/v2\/types\/page"}],"author":[{"embeddable":true,"href":"https:\/\/www.zorrotz.com\/fr\/wp-json\/wp\/v2\/users\/1"}],"replies":[{"embeddable":true,"href":"https:\/\/www.zorrotz.com\/fr\/wp-json\/wp\/v2\/comments?post=2380"}],"version-history":[{"count":2,"href":"https:\/\/www.zorrotz.com\/fr\/wp-json\/wp\/v2\/pages\/2380\/revisions"}],"predecessor-version":[{"id":2383,"href":"https:\/\/www.zorrotz.com\/fr\/wp-json\/wp\/v2\/pages\/2380\/revisions\/2383"}],"wp:attachment":[{"href":"https:\/\/www.zorrotz.com\/fr\/wp-json\/wp\/v2\/media?parent=2380"}],"curies":[{"name":"wp","href":"https:\/\/api.w.org\/{rel}","templated":true}]}}