{"id":2397,"date":"2022-01-17T10:44:54","date_gmt":"2022-01-17T08:44:54","guid":{"rendered":"https:\/\/www.zorrotz.com\/proteccion-de-datos\/"},"modified":"2022-01-17T10:45:03","modified_gmt":"2022-01-17T08:45:03","slug":"proteccion-de-datos","status":"publish","type":"page","link":"https:\/\/www.zorrotz.com\/it\/proteccion-de-datos\/","title":{"rendered":"Protecci\u00f3n de Datos"},"content":{"rendered":"\t\t<div data-elementor-type=\"wp-page\" data-elementor-id=\"2397\" class=\"elementor elementor-2397 elementor-1509\" data-elementor-settings=\"{&quot;ha_cmc_init_switcher&quot;:&quot;no&quot;}\">\n\t\t\t\t\t\t<section class=\"elementor-section elementor-top-section elementor-element elementor-element-c81a152 elementor-section-boxed elementor-section-height-default elementor-section-height-default\" data-id=\"c81a152\" data-element_type=\"section\" data-e-type=\"section\" data-settings=\"{&quot;_ha_eqh_enable&quot;:false}\">\n\t\t\t\t\t\t<div class=\"elementor-container elementor-column-gap-default\">\n\t\t\t\t\t<div class=\"elementor-column elementor-col-100 elementor-top-column elementor-element elementor-element-6a33568\" data-id=\"6a33568\" data-element_type=\"column\" data-e-type=\"column\">\n\t\t\t<div class=\"elementor-widget-wrap elementor-element-populated\">\n\t\t\t\t\t\t<div class=\"elementor-element elementor-element-5ccaa33 elementor-widget elementor-widget-text-editor\" data-id=\"5ccaa33\" data-element_type=\"widget\" data-e-type=\"widget\" data-widget_type=\"text-editor.default\">\n\t\t\t\t<div class=\"elementor-widget-container\">\n\t\t\t\t\t\t\t\t\t<h1><strong>Pol\u00edtica de Privacidad \/ Protecci\u00f3n de Datos.<\/strong><\/h1>\n<\/p>\n<p>Conforme a la Ley Org\u00e1nica 3\/2018, de 5 de diciembre, de Protecci\u00f3n de Datos Personales y garant\u00eda de los derechos digitales, y al Reglamento (UE) 2016\/679, del Parlamento Europeo y del Consejo, de 27 de abril (\u201cReglamento General de Protecci\u00f3n de Datos\u201d o \u201cRGPD\u201d), esta Pol\u00edtica de Privacidad se aplica a los tratamientos de datos de car\u00e1cter personal que ZORROTZ LEGAZPI S.L.L.\u2013 realiza <strong>como Responsable, <em>(en adelante ZORROTZ<\/em>),<\/strong> en relaci\u00f3n con los datos de los usuarios\/as (personas f\u00edsicas) recabados en cualquiera de la secciones del sitio web.<\/p>\n<p>Si no est\u00e1 usted de acuerdo con los t\u00e9rminos de esta Pol\u00edtica, no acceda ni utilice los Servicios. Esta Pol\u00edtica de privacidad no es aplicable a ning\u00fan otro producto, servicio o actividad de terceros.<\/p>\n<h3><strong>RESPONSABLE DEL TRATAMIENTO DE SUS DATOS.<\/strong><\/h3>\n<\/p>\n<ul>\n<li><strong>Denominaci\u00f3n Social: <\/strong>ZORROTZ LEGAZPI S.L.L.<\/li>\n<li><strong>Domicilio: <\/strong>B\u00ba Olaberria 7, 20230 Legazpi (Gipuzkoa).<\/li>\n<li><strong>CIF:<\/strong> B75038729<\/li>\n<li><strong>Email: <\/strong><a href=\"mailto:info@zorrotz.com\">info@zorrotz.com<\/a><\/li>\n<\/ul>\n<h3><strong>FINALIDADES DEL TRATAMIENTO DE DATOS<\/strong><\/h3>\n<\/p>\n<p>Sus datos personales se utilizar\u00e1n con la finalidad gen\u00e9rica de la gesti\u00f3n y administraci\u00f3n de la web y, espec\u00edficamente para:<\/p>\n<ul>\n<li>Para <strong>comunicar con los usuarios\/as <\/strong>en respuesta a solicitudes, comentarios y preguntas que nos realice a trav\u00e9s de los formularios de contacto de nuestra p\u00e1gina web (incluidos los emails, llamadas telef\u00f3nicas, etc.).<\/li>\n<\/ul>\n<p>No trataremos sus datos personales para ninguna otra finalidad m\u00e1s all\u00e1 de las descritas anteriormente salvo que venga impuesto por ley o exista alg\u00fan requerimiento judicial.<\/p>\n<h3><strong>DURACI\u00d3N DEL TRATAMIENTO DE DATOS.<\/strong><\/h3>\n<\/p>\n<p><strong>ZORROTZ<\/strong> conservar\u00e1 y tratar\u00e1 los datos personales recabados para el env\u00edo de informaci\u00f3n, comunicaciones, newsletter (en su caso), desde el momento que el usuario\/a presta su consentimiento hasta que solicite, se d\u00e9 de baja o retire su consentimiento para el tratamiento de datos.<\/p>\n<p><strong>Posibilidad de retirar el consentimiento:<\/strong> El usuario\/a tiene derecho a retirar el consentimiento en cualquier momento, sin que ello afecte a la licitud del tratamiento basado en el consentimiento previo a su retirada. Asimismo, el usuario\/a podr\u00e1 oponerse en cualquier momento a la recepci\u00f3n de cualquier comunicaci\u00f3n electr\u00f3nica realizada desde ZORROTZ.<\/p>\n<p>En cuanto al tratamiento de datos para los servicios que ZORROTZ pone a disposici\u00f3n de la comunidad en su web (consultas, informaciones, etc.) se conservar\u00e1n durante el mismo plazo que resulte de la prestaci\u00f3n del consentimiento hasta que solicite, se d\u00e9 de baja o retire su consentimiento para el tratamiento de datos y una vez finalizada la relaci\u00f3n durante el plazo correspondiente mientras persistan las obligaciones legales o se puedan dirimir responsabilidades.<\/p>\n<h3><strong>LEGITIMACI\u00d3N DEL TRATAMIENTO DE LOS DATOS.<\/strong><\/h3>\n<\/p>\n<p>La base legal para el tratamiento de los datos es la legitimaci\u00f3n basada en el <strong>consentimiento del interesado <\/strong>prestado para las finalidades anteriormente descritas, que se solicitar\u00e1 en el momento de:<\/p>\n<ul>\n<li>de proceder a tratar sus datos<\/li>\n<li>de la inclusi\u00f3n de sus datos en nuestros formularios<\/li>\n<\/ul>\n<p>El alta en la web como las solicitudes de informaci\u00f3n que nos haga llegar requieren que el interesado nos facilite de forma voluntaria los datos necesarios para poder atenderle o prestarle los Servicios. No obstante, el interesado puede libremente negarse a facilitarnos esos datos o, posteriormente, revocar el consentimiento previamente otorgado para tratar sus datos, si bien esa negativa implicar\u00e1 la imposibilidad de que podamos atender su petici\u00f3n.<\/p>\n<p><strong>ZORROTZ <\/strong>entiende que, al facilitarnos esos datos, el interesado garantiza y se hace responsable de la veracidad, actualidad y exactitud de estos y que acepta y consiente expresamente en su tratamiento para las finalidades antes descritas.<\/p>\n<h3><strong>DESTINATARIOS DE CESIONES O TRANSFERENCIAS.<\/strong><\/h3>\n<\/p>\n<p>Con car\u00e1cter general, ZORROTZ no ceder\u00e1 sus datos personales a terceros salvo que estemos obligados legalmente a ello, o que usted nos lo haya autorizado expresamente.<\/p>\n<h3><strong>REDES SOCIALES<\/strong><\/h3>\n<\/p>\n<p><strong>ZORROTZ<\/strong> no dispone de distintas redes sociales.<\/p>\n<h3><strong>DERECHOS DE LAS PERSONAS INTERESADAS.<\/strong><\/h3>\n<\/p>\n<p>Cualquier persona tiene derecho a obtener confirmaci\u00f3n sobre si en <strong>ZORROTZ<\/strong> se tratan datos personales que le conciernan, o no. En particular, usted puede ejercer ante <strong>ZORRTOZ<\/strong> los siguientes derechos:<\/p>\n<ul>\n<li><strong>Derecho de acceso:<\/strong> permite al interesado conocer y obtener informaci\u00f3n sobre sus datos de car\u00e1cter personal sometidos a tratamiento.<\/li>\n<li><strong>Derecho de rectificaci\u00f3n:<\/strong> permite corregir errores, modificar los datos que resulten ser inexactos o incompletos y garantizar la certeza de la informaci\u00f3n objeto del tratamiento.<\/li>\n<li><strong>Derecho de supresi\u00f3n:<\/strong> permite solicitar la eliminaci\u00f3n de los datos objeto de tratamiento cuando ya no sean necesarios.<\/li>\n<li><strong>Derecho de oposici\u00f3n:<\/strong> derecho del interesado a que no se lleve a cabo el tratamiento de sus datos de car\u00e1cter personal o se cese en el mismo, salvo motivos leg\u00edtimos o para el ejercicio o defensa de posibles reclamaciones, en cuyo caso los mantendremos bloqueados durante el plazo correspondiente mientras persistan las obligaciones legales.<\/li>\n<li><strong>Derecho de oposici\u00f3n al env\u00edo de publicidad:<\/strong> Los interesados podr\u00e1n oponerse al env\u00edo de comunicaciones comerciales por parte de ZORROTZ. En ese caso puede revocar en cualquier momento su consentimiento a recibir estas notificaciones utilizando el mecanismo implementado al efecto en las mismas, o bien, remitiendo un escrito con el asunto \u201cBaja\u201d a <a href=\"mailto:info@zorrtoz.com\">info@zorrtoz.com<\/a><\/li>\n<li><strong>Limitaci\u00f3n del tratamiento:<\/strong> En determinadas circunstancias, los interesados podr\u00e1n solicitar la limitaci\u00f3n del tratamiento de sus datos, en cuyo caso \u00fanicamente se conservar\u00e1n para el ejercicio o defensa de reclamaciones.<\/li>\n<li><strong>Portabilidad de los datos:<\/strong> las personas interesadas pueden solicitar recibir los datos que le incumban y que nos haya facilitado o que \u2013siempre que t\u00e9cnicamente sea posible\u2013 se los enviemos a otro responsable de tratamiento de su elecci\u00f3n, en un formato estructurado de uso com\u00fan y lectura mec\u00e1nica. <\/li>\n<li><strong>Derecho a no ser objeto de decisiones individuales automatizadas (incluida la elaboraci\u00f3n de perfiles): <\/strong>derecho a no ser objeto de una decisi\u00f3n basada en el tratamiento automatizado que produzca efectos o afecte significativamente.<\/li>\n<\/ul>\n<p>Si desea ejercer alguno de los derechos expuestos, rogamos que nos remita carta con todos sus datos, incluyendo DNI a: B\u00ba Olaberria 7, 20230 Legazpi (Gipuzkoa), o por email a <a href=\"mailto:info@zorrotz.com\">info@zorrotz.com<\/a>.<\/p>\n<p><strong>Posibilidad de reclamar ante la Autoridad de Control: ZORROTZ LEGAZPI S.L.L.<\/strong> le informa igualmente del derecho que le asiste de presentar una reclamaci\u00f3n ante la Agencia Espa\u00f1ola de Protecci\u00f3n de Datos (www.agpd.es) si considera que el tratamiento no se ajusta a la normativa vigente.<\/p>\n\t\t\t\t\t\t\t\t<\/div>\n\t\t\t\t<\/div>\n\t\t\t\t\t<\/div>\n\t\t<\/div>\n\t\t\t\t\t<\/div>\n\t\t<\/section>\n\t\t\t\t<\/div>\n\t\t","protected":false},"excerpt":{"rendered":"<p>Pol\u00edtica de Privacidad \/ Protecci\u00f3n de Datos. Conforme a la Ley Org\u00e1nica [&hellip;]<\/p>\n","protected":false},"author":1,"featured_media":0,"parent":0,"menu_order":0,"comment_status":"closed","ping_status":"closed","template":"elementor_canvas","meta":{"site-sidebar-layout":"no-sidebar","site-content-layout":"page-builder","ast-site-content-layout":"default","site-content-style":"default","site-sidebar-style":"default","ast-global-header-display":"","ast-banner-title-visibility":"","ast-main-header-display":"","ast-hfb-above-header-display":"","ast-hfb-below-header-display":"","ast-hfb-mobile-header-display":"","site-post-title":"disabled","ast-breadcrumbs-content":"","ast-featured-img":"disabled","footer-sml-layout":"","ast-disable-related-posts":"","theme-transparent-header-meta":"","adv-header-id-meta":"","stick-header-meta":"","header-above-stick-meta":"","header-main-stick-meta":"","header-below-stick-meta":"","astra-migrate-meta-layouts":"default","ast-page-background-enabled":"default","ast-page-background-meta":{"desktop":{"background-color":"var(--ast-global-color-4)","background-image":"","background-repeat":"repeat","background-position":"center center","background-size":"auto","background-attachment":"scroll","background-type":"","background-media":"","overlay-type":"","overlay-color":"","overlay-opacity":"","overlay-gradient":""},"tablet":{"background-color":"","background-image":"","background-repeat":"repeat","background-position":"center center","background-size":"auto","background-attachment":"scroll","background-type":"","background-media":"","overlay-type":"","overlay-color":"","overlay-opacity":"","overlay-gradient":""},"mobile":{"background-color":"","background-image":"","background-repeat":"repeat","background-position":"center center","background-size":"auto","background-attachment":"scroll","background-type":"","background-media":"","overlay-type":"","overlay-color":"","overlay-opacity":"","overlay-gradient":""}},"ast-content-background-meta":{"desktop":{"background-color":"var(--ast-global-color-5)","background-image":"","background-repeat":"repeat","background-position":"center center","background-size":"auto","background-attachment":"scroll","background-type":"","background-media":"","overlay-type":"","overlay-color":"","overlay-opacity":"","overlay-gradient":""},"tablet":{"background-color":"var(--ast-global-color-5)","background-image":"","background-repeat":"repeat","background-position":"center center","background-size":"auto","background-attachment":"scroll","background-type":"","background-media":"","overlay-type":"","overlay-color":"","overlay-opacity":"","overlay-gradient":""},"mobile":{"background-color":"var(--ast-global-color-5)","background-image":"","background-repeat":"repeat","background-position":"center center","background-size":"auto","background-attachment":"scroll","background-type":"","background-media":"","overlay-type":"","overlay-color":"","overlay-opacity":"","overlay-gradient":""}},"footnotes":""},"class_list":["post-2397","page","type-page","status-publish","hentry"],"yoast_head":"<!-- This site is optimized with the Yoast SEO plugin v27.3 - https:\/\/yoast.com\/product\/yoast-seo-wordpress\/ -->\n<title>Protecci\u00f3n de Datos - zorrotz<\/title>\n<meta name=\"robots\" content=\"noindex, nofollow\" \/>\n<meta property=\"og:locale\" content=\"it_IT\" \/>\n<meta property=\"og:type\" content=\"article\" \/>\n<meta property=\"og:title\" content=\"Protecci\u00f3n de Datos - zorrotz\" \/>\n<meta property=\"og:description\" content=\"Pol\u00edtica de Privacidad \/ Protecci\u00f3n de Datos. Conforme a la Ley Org\u00e1nica [&hellip;]\" \/>\n<meta property=\"og:url\" content=\"https:\/\/www.zorrotz.com\/it\/proteccion-de-datos\/\" \/>\n<meta property=\"og:site_name\" content=\"zorrotz\" \/>\n<meta property=\"article:modified_time\" content=\"2022-01-17T08:45:03+00:00\" \/>\n<meta property=\"og:image\" content=\"https:\/\/www.zorrotz.com\/wp-content\/uploads\/2022\/02\/webzorrotz.jpg\" \/>\n\t<meta property=\"og:image:width\" content=\"900\" \/>\n\t<meta property=\"og:image:height\" content=\"600\" \/>\n\t<meta property=\"og:image:type\" content=\"image\/jpeg\" \/>\n<meta name=\"twitter:card\" content=\"summary_large_image\" \/>\n<meta name=\"twitter:label1\" content=\"Tempo di lettura stimato\" \/>\n\t<meta name=\"twitter:data1\" content=\"5 minuti\" \/>\n<script type=\"application\/ld+json\" class=\"yoast-schema-graph\">{\"@context\":\"https:\\\/\\\/schema.org\",\"@graph\":[{\"@type\":\"WebPage\",\"@id\":\"https:\\\/\\\/www.zorrotz.com\\\/it\\\/proteccion-de-datos\\\/\",\"url\":\"https:\\\/\\\/www.zorrotz.com\\\/it\\\/proteccion-de-datos\\\/\",\"name\":\"Protecci\u00f3n de Datos - zorrotz\",\"isPartOf\":{\"@id\":\"https:\\\/\\\/www.zorrotz.com\\\/it\\\/#website\"},\"datePublished\":\"2022-01-17T08:44:54+00:00\",\"dateModified\":\"2022-01-17T08:45:03+00:00\",\"breadcrumb\":{\"@id\":\"https:\\\/\\\/www.zorrotz.com\\\/it\\\/proteccion-de-datos\\\/#breadcrumb\"},\"inLanguage\":\"it-IT\",\"potentialAction\":[{\"@type\":\"ReadAction\",\"target\":[\"https:\\\/\\\/www.zorrotz.com\\\/it\\\/proteccion-de-datos\\\/\"]}]},{\"@type\":\"BreadcrumbList\",\"@id\":\"https:\\\/\\\/www.zorrotz.com\\\/it\\\/proteccion-de-datos\\\/#breadcrumb\",\"itemListElement\":[{\"@type\":\"ListItem\",\"position\":1,\"name\":\"Portada\",\"item\":\"https:\\\/\\\/www.zorrotz.com\\\/it\\\/\"},{\"@type\":\"ListItem\",\"position\":2,\"name\":\"Protecci\u00f3n de Datos\"}]},{\"@type\":\"WebSite\",\"@id\":\"https:\\\/\\\/www.zorrotz.com\\\/it\\\/#website\",\"url\":\"https:\\\/\\\/www.zorrotz.com\\\/it\\\/\",\"name\":\"zorrotz\",\"description\":\"Cuchillas industriales y Gu\u00edas de deslizamiento\",\"publisher\":{\"@id\":\"https:\\\/\\\/www.zorrotz.com\\\/it\\\/#organization\"},\"potentialAction\":[{\"@type\":\"SearchAction\",\"target\":{\"@type\":\"EntryPoint\",\"urlTemplate\":\"https:\\\/\\\/www.zorrotz.com\\\/it\\\/?s={search_term_string}\"},\"query-input\":{\"@type\":\"PropertyValueSpecification\",\"valueRequired\":true,\"valueName\":\"search_term_string\"}}],\"inLanguage\":\"it-IT\"},{\"@type\":\"Organization\",\"@id\":\"https:\\\/\\\/www.zorrotz.com\\\/it\\\/#organization\",\"name\":\"zorrotz\",\"url\":\"https:\\\/\\\/www.zorrotz.com\\\/it\\\/\",\"logo\":{\"@type\":\"ImageObject\",\"inLanguage\":\"it-IT\",\"@id\":\"https:\\\/\\\/www.zorrotz.com\\\/it\\\/#\\\/schema\\\/logo\\\/image\\\/\",\"url\":\"https:\\\/\\\/www.zorrotz.com\\\/wp-content\\\/uploads\\\/2021\\\/11\\\/logoblanco.png\",\"contentUrl\":\"https:\\\/\\\/www.zorrotz.com\\\/wp-content\\\/uploads\\\/2021\\\/11\\\/logoblanco.png\",\"width\":383,\"height\":95,\"caption\":\"zorrotz\"},\"image\":{\"@id\":\"https:\\\/\\\/www.zorrotz.com\\\/it\\\/#\\\/schema\\\/logo\\\/image\\\/\"},\"sameAs\":[\"https:\\\/\\\/www.linkedin.com\\\/company\\\/zorrotz-legazpi-sll\\\/\"]}]}<\/script>\n<!-- \/ Yoast SEO plugin. -->","yoast_head_json":{"title":"Protecci\u00f3n de Datos - zorrotz","robots":{"index":"noindex","follow":"nofollow"},"og_locale":"it_IT","og_type":"article","og_title":"Protecci\u00f3n de Datos - zorrotz","og_description":"Pol\u00edtica de Privacidad \/ Protecci\u00f3n de Datos. Conforme a la Ley Org\u00e1nica [&hellip;]","og_url":"https:\/\/www.zorrotz.com\/it\/proteccion-de-datos\/","og_site_name":"zorrotz","article_modified_time":"2022-01-17T08:45:03+00:00","og_image":[{"width":900,"height":600,"url":"https:\/\/www.zorrotz.com\/wp-content\/uploads\/2022\/02\/webzorrotz.jpg","type":"image\/jpeg"}],"twitter_card":"summary_large_image","twitter_misc":{"Tempo di lettura stimato":"5 minuti"},"schema":{"@context":"https:\/\/schema.org","@graph":[{"@type":"WebPage","@id":"https:\/\/www.zorrotz.com\/it\/proteccion-de-datos\/","url":"https:\/\/www.zorrotz.com\/it\/proteccion-de-datos\/","name":"Protecci\u00f3n de Datos - zorrotz","isPartOf":{"@id":"https:\/\/www.zorrotz.com\/it\/#website"},"datePublished":"2022-01-17T08:44:54+00:00","dateModified":"2022-01-17T08:45:03+00:00","breadcrumb":{"@id":"https:\/\/www.zorrotz.com\/it\/proteccion-de-datos\/#breadcrumb"},"inLanguage":"it-IT","potentialAction":[{"@type":"ReadAction","target":["https:\/\/www.zorrotz.com\/it\/proteccion-de-datos\/"]}]},{"@type":"BreadcrumbList","@id":"https:\/\/www.zorrotz.com\/it\/proteccion-de-datos\/#breadcrumb","itemListElement":[{"@type":"ListItem","position":1,"name":"Portada","item":"https:\/\/www.zorrotz.com\/it\/"},{"@type":"ListItem","position":2,"name":"Protecci\u00f3n de Datos"}]},{"@type":"WebSite","@id":"https:\/\/www.zorrotz.com\/it\/#website","url":"https:\/\/www.zorrotz.com\/it\/","name":"zorrotz","description":"Cuchillas industriales y Gu\u00edas de deslizamiento","publisher":{"@id":"https:\/\/www.zorrotz.com\/it\/#organization"},"potentialAction":[{"@type":"SearchAction","target":{"@type":"EntryPoint","urlTemplate":"https:\/\/www.zorrotz.com\/it\/?s={search_term_string}"},"query-input":{"@type":"PropertyValueSpecification","valueRequired":true,"valueName":"search_term_string"}}],"inLanguage":"it-IT"},{"@type":"Organization","@id":"https:\/\/www.zorrotz.com\/it\/#organization","name":"zorrotz","url":"https:\/\/www.zorrotz.com\/it\/","logo":{"@type":"ImageObject","inLanguage":"it-IT","@id":"https:\/\/www.zorrotz.com\/it\/#\/schema\/logo\/image\/","url":"https:\/\/www.zorrotz.com\/wp-content\/uploads\/2021\/11\/logoblanco.png","contentUrl":"https:\/\/www.zorrotz.com\/wp-content\/uploads\/2021\/11\/logoblanco.png","width":383,"height":95,"caption":"zorrotz"},"image":{"@id":"https:\/\/www.zorrotz.com\/it\/#\/schema\/logo\/image\/"},"sameAs":["https:\/\/www.linkedin.com\/company\/zorrotz-legazpi-sll\/"]}]}},"_links":{"self":[{"href":"https:\/\/www.zorrotz.com\/it\/wp-json\/wp\/v2\/pages\/2397","targetHints":{"allow":["GET"]}}],"collection":[{"href":"https:\/\/www.zorrotz.com\/it\/wp-json\/wp\/v2\/pages"}],"about":[{"href":"https:\/\/www.zorrotz.com\/it\/wp-json\/wp\/v2\/types\/page"}],"author":[{"embeddable":true,"href":"https:\/\/www.zorrotz.com\/it\/wp-json\/wp\/v2\/users\/1"}],"replies":[{"embeddable":true,"href":"https:\/\/www.zorrotz.com\/it\/wp-json\/wp\/v2\/comments?post=2397"}],"version-history":[{"count":2,"href":"https:\/\/www.zorrotz.com\/it\/wp-json\/wp\/v2\/pages\/2397\/revisions"}],"predecessor-version":[{"id":2400,"href":"https:\/\/www.zorrotz.com\/it\/wp-json\/wp\/v2\/pages\/2397\/revisions\/2400"}],"wp:attachment":[{"href":"https:\/\/www.zorrotz.com\/it\/wp-json\/wp\/v2\/media?parent=2397"}],"curies":[{"name":"wp","href":"https:\/\/api.w.org\/{rel}","templated":true}]}}